{"id":4713,"date":"2026-02-09T16:32:36","date_gmt":"2026-02-09T16:32:36","guid":{"rendered":"https:\/\/brillana.pt\/produto\/gold-plated-earrings-3\/"},"modified":"2026-02-09T16:32:36","modified_gmt":"2026-02-09T16:32:36","slug":"gold-plated-earrings-3","status":"publish","type":"product","link":"https:\/\/brillana.pt\/en\/produto\/gold-plated-earrings-3\/","title":{"rendered":"Gold Plated Earrings"},"content":{"rendered":"<p>SUBLIME COLLECTION<br \/>\nEarring height: the earring height may vary between 4cm and 5.5cm.<br \/>\nThis earring features details in fragmented stones and a natural geode stone, extracted from the interior of an agate, with druse details, with varying shapes and sizes, thus becoming a unique piece.<br \/>\nNote on colors: as they are natural stones, the geodes have variations, ranging from the lightest to the darkest.<br \/>The collection pays homage to nature and the brand&#8217;s 40-year history, combining tradition and innovation. With organic shapes, natural stones, and refined handcrafting techniques, the pieces highlight timeless sophistication and incorporate technological touches to elevate design and precision.<\/p>\n","protected":false},"excerpt":{"rendered":"<p>SUBLIME COLLECTION Earring height: the earring height may vary between 4cm and 5.5cm. This earring features details in fragmented stones and a natural geode stone, extracted from the interior of an agate, with druse details, with varying shapes and sizes, thus becoming a unique piece. Note on colors: as they are natural stones, the geodes [&hellip;]<\/p>\n","protected":false},"featured_media":4704,"comment_status":"open","ping_status":"closed","template":"","meta":{"googlesitekit_rrm_CAowhMXADA:productID":""},"product_brand":[],"product_cat":[275,271,303],"product_tag":[],"class_list":{"0":"post-4713","1":"product","2":"type-product","3":"status-publish","4":"has-post-thumbnail","6":"product_cat-collections","7":"product_cat-earrings","8":"product_cat-sublime","10":"first","11":"instock","12":"taxable","13":"shipping-taxable","14":"purchasable","15":"product-type-variable"},"yoast_head":"<!-- This site is optimized with the Yoast SEO plugin v27.3 - https:\/\/yoast.com\/product\/yoast-seo-wordpress\/ -->\n<title>Gold Plated Earrings - Brillana<\/title>\n<meta name=\"description\" content=\"Brillana cria joias elegantes e intemporais. Descubra pe\u00e7as \u00fanicas que combinam sofistica\u00e7\u00e3o, qualidade e estilo para todos os momentos.\" \/>\n<meta name=\"robots\" content=\"index, follow, max-snippet:-1, max-image-preview:large, max-video-preview:-1\" \/>\n<link rel=\"canonical\" href=\"https:\/\/brillana.pt\/en\/produto\/gold-plated-earrings-3\/\" \/>\n<meta property=\"og:locale\" content=\"en_US\" \/>\n<meta property=\"og:type\" content=\"article\" \/>\n<meta property=\"og:title\" content=\"Gold Plated Earrings - Brillana\" \/>\n<meta property=\"og:description\" content=\"Brillana cria joias elegantes e intemporais. Descubra pe\u00e7as \u00fanicas que combinam sofistica\u00e7\u00e3o, qualidade e estilo para todos os momentos.\" \/>\n<meta property=\"og:url\" content=\"https:\/\/brillana.pt\/en\/produto\/gold-plated-earrings-3\/\" \/>\n<meta property=\"og:site_name\" content=\"Brillana\" \/>\n<meta property=\"article:publisher\" content=\"https:\/\/www.facebook.com\/p\/Brillana-Jewelry-61579016018790\/\" \/>\n<meta property=\"og:image\" content=\"https:\/\/brillana.pt\/wp-content\/uploads\/2026\/02\/020275301_02.jpg\" \/>\n\t<meta property=\"og:image:width\" content=\"1200\" \/>\n\t<meta property=\"og:image:height\" content=\"1200\" \/>\n\t<meta property=\"og:image:type\" content=\"image\/jpeg\" \/>\n<meta name=\"twitter:card\" content=\"summary_large_image\" \/>\n<meta name=\"twitter:label1\" content=\"Est. reading time\" \/>\n\t<meta name=\"twitter:data1\" content=\"1 minute\" \/>\n<script type=\"application\/ld+json\" class=\"yoast-schema-graph\">{\"@context\":\"https:\\\/\\\/schema.org\",\"@graph\":[{\"@type\":\"WebPage\",\"@id\":\"https:\\\/\\\/brillana.pt\\\/en\\\/produto\\\/gold-plated-earrings-3\\\/\",\"url\":\"https:\\\/\\\/brillana.pt\\\/en\\\/produto\\\/gold-plated-earrings-3\\\/\",\"name\":\"Gold Plated Earrings - Brillana\",\"isPartOf\":{\"@id\":\"https:\\\/\\\/brillana.pt\\\/en\\\/#website\"},\"primaryImageOfPage\":{\"@id\":\"https:\\\/\\\/brillana.pt\\\/en\\\/produto\\\/gold-plated-earrings-3\\\/#primaryimage\"},\"image\":{\"@id\":\"https:\\\/\\\/brillana.pt\\\/en\\\/produto\\\/gold-plated-earrings-3\\\/#primaryimage\"},\"thumbnailUrl\":\"https:\\\/\\\/brillana.pt\\\/wp-content\\\/uploads\\\/2026\\\/02\\\/020275301_02.jpg\",\"datePublished\":\"2026-02-09T16:32:36+00:00\",\"description\":\"Brillana cria joias elegantes e intemporais. Descubra pe\u00e7as \u00fanicas que combinam sofistica\u00e7\u00e3o, qualidade e estilo para todos os momentos.\",\"breadcrumb\":{\"@id\":\"https:\\\/\\\/brillana.pt\\\/en\\\/produto\\\/gold-plated-earrings-3\\\/#breadcrumb\"},\"inLanguage\":\"en-US\",\"potentialAction\":[{\"@type\":\"ReadAction\",\"target\":[\"https:\\\/\\\/brillana.pt\\\/en\\\/produto\\\/gold-plated-earrings-3\\\/\"]}]},{\"@type\":\"ImageObject\",\"inLanguage\":\"en-US\",\"@id\":\"https:\\\/\\\/brillana.pt\\\/en\\\/produto\\\/gold-plated-earrings-3\\\/#primaryimage\",\"url\":\"https:\\\/\\\/brillana.pt\\\/wp-content\\\/uploads\\\/2026\\\/02\\\/020275301_02.jpg\",\"contentUrl\":\"https:\\\/\\\/brillana.pt\\\/wp-content\\\/uploads\\\/2026\\\/02\\\/020275301_02.jpg\",\"width\":1200,\"height\":1200},{\"@type\":\"BreadcrumbList\",\"@id\":\"https:\\\/\\\/brillana.pt\\\/en\\\/produto\\\/gold-plated-earrings-3\\\/#breadcrumb\",\"itemListElement\":[{\"@type\":\"ListItem\",\"position\":1,\"name\":\"In\u00edcio\",\"item\":\"https:\\\/\\\/brillana.pt\\\/en\\\/\"},{\"@type\":\"ListItem\",\"position\":2,\"name\":\"Store\",\"item\":\"https:\\\/\\\/brillana.pt\\\/en\\\/shop\\\/\"},{\"@type\":\"ListItem\",\"position\":3,\"name\":\"Gold Plated Earrings\"}]},{\"@type\":\"WebSite\",\"@id\":\"https:\\\/\\\/brillana.pt\\\/en\\\/#website\",\"url\":\"https:\\\/\\\/brillana.pt\\\/en\\\/\",\"name\":\"Brillana Jewelry\",\"description\":\"Jewelry\",\"publisher\":{\"@id\":\"https:\\\/\\\/brillana.pt\\\/en\\\/#organization\"},\"alternateName\":\"Brillana Jewelry\",\"potentialAction\":[{\"@type\":\"SearchAction\",\"target\":{\"@type\":\"EntryPoint\",\"urlTemplate\":\"https:\\\/\\\/brillana.pt\\\/en\\\/?s={search_term_string}\"},\"query-input\":{\"@type\":\"PropertyValueSpecification\",\"valueRequired\":true,\"valueName\":\"search_term_string\"}}],\"inLanguage\":\"en-US\"},{\"@type\":\"Organization\",\"@id\":\"https:\\\/\\\/brillana.pt\\\/en\\\/#organization\",\"name\":\"Brillana Jewelry\",\"alternateName\":\"Brillana Jewelry\",\"url\":\"https:\\\/\\\/brillana.pt\\\/en\\\/\",\"logo\":{\"@type\":\"ImageObject\",\"inLanguage\":\"en-US\",\"@id\":\"https:\\\/\\\/brillana.pt\\\/en\\\/#\\\/schema\\\/logo\\\/image\\\/\",\"url\":\"https:\\\/\\\/brillana.pt\\\/wp-content\\\/uploads\\\/2026\\\/02\\\/logo_brillana_favicon.png\",\"contentUrl\":\"https:\\\/\\\/brillana.pt\\\/wp-content\\\/uploads\\\/2026\\\/02\\\/logo_brillana_favicon.png\",\"width\":512,\"height\":512,\"caption\":\"Brillana Jewelry\"},\"image\":{\"@id\":\"https:\\\/\\\/brillana.pt\\\/en\\\/#\\\/schema\\\/logo\\\/image\\\/\"},\"sameAs\":[\"https:\\\/\\\/www.facebook.com\\\/p\\\/Brillana-Jewelry-61579016018790\\\/\",\"https:\\\/\\\/www.instagram.com\\\/brillanajewelry?utm_source=qr&igsh=Y2psdmw0eDB2b3o1\",\"https:\\\/\\\/www.tiktok.com\\\/@brillanajewelry?_t=ZG-8yosEjgm48W&_r=1\"]}]}<\/script>\n<!-- \/ Yoast SEO plugin. -->","yoast_head_json":{"title":"Gold Plated Earrings - Brillana","description":"Brillana cria joias elegantes e intemporais. Descubra pe\u00e7as \u00fanicas que combinam sofistica\u00e7\u00e3o, qualidade e estilo para todos os momentos.","robots":{"index":"index","follow":"follow","max-snippet":"max-snippet:-1","max-image-preview":"max-image-preview:large","max-video-preview":"max-video-preview:-1"},"canonical":"https:\/\/brillana.pt\/en\/produto\/gold-plated-earrings-3\/","og_locale":"en_US","og_type":"article","og_title":"Gold Plated Earrings - Brillana","og_description":"Brillana cria joias elegantes e intemporais. Descubra pe\u00e7as \u00fanicas que combinam sofistica\u00e7\u00e3o, qualidade e estilo para todos os momentos.","og_url":"https:\/\/brillana.pt\/en\/produto\/gold-plated-earrings-3\/","og_site_name":"Brillana","article_publisher":"https:\/\/www.facebook.com\/p\/Brillana-Jewelry-61579016018790\/","og_image":[{"width":1200,"height":1200,"url":"https:\/\/brillana.pt\/wp-content\/uploads\/2026\/02\/020275301_02.jpg","type":"image\/jpeg"}],"twitter_card":"summary_large_image","twitter_misc":{"Est. reading time":"1 minute"},"schema":{"@context":"https:\/\/schema.org","@graph":[{"@type":"WebPage","@id":"https:\/\/brillana.pt\/en\/produto\/gold-plated-earrings-3\/","url":"https:\/\/brillana.pt\/en\/produto\/gold-plated-earrings-3\/","name":"Gold Plated Earrings - Brillana","isPartOf":{"@id":"https:\/\/brillana.pt\/en\/#website"},"primaryImageOfPage":{"@id":"https:\/\/brillana.pt\/en\/produto\/gold-plated-earrings-3\/#primaryimage"},"image":{"@id":"https:\/\/brillana.pt\/en\/produto\/gold-plated-earrings-3\/#primaryimage"},"thumbnailUrl":"https:\/\/brillana.pt\/wp-content\/uploads\/2026\/02\/020275301_02.jpg","datePublished":"2026-02-09T16:32:36+00:00","description":"Brillana cria joias elegantes e intemporais. Descubra pe\u00e7as \u00fanicas que combinam sofistica\u00e7\u00e3o, qualidade e estilo para todos os momentos.","breadcrumb":{"@id":"https:\/\/brillana.pt\/en\/produto\/gold-plated-earrings-3\/#breadcrumb"},"inLanguage":"en-US","potentialAction":[{"@type":"ReadAction","target":["https:\/\/brillana.pt\/en\/produto\/gold-plated-earrings-3\/"]}]},{"@type":"ImageObject","inLanguage":"en-US","@id":"https:\/\/brillana.pt\/en\/produto\/gold-plated-earrings-3\/#primaryimage","url":"https:\/\/brillana.pt\/wp-content\/uploads\/2026\/02\/020275301_02.jpg","contentUrl":"https:\/\/brillana.pt\/wp-content\/uploads\/2026\/02\/020275301_02.jpg","width":1200,"height":1200},{"@type":"BreadcrumbList","@id":"https:\/\/brillana.pt\/en\/produto\/gold-plated-earrings-3\/#breadcrumb","itemListElement":[{"@type":"ListItem","position":1,"name":"In\u00edcio","item":"https:\/\/brillana.pt\/en\/"},{"@type":"ListItem","position":2,"name":"Store","item":"https:\/\/brillana.pt\/en\/shop\/"},{"@type":"ListItem","position":3,"name":"Gold Plated Earrings"}]},{"@type":"WebSite","@id":"https:\/\/brillana.pt\/en\/#website","url":"https:\/\/brillana.pt\/en\/","name":"Brillana Jewelry","description":"Jewelry","publisher":{"@id":"https:\/\/brillana.pt\/en\/#organization"},"alternateName":"Brillana Jewelry","potentialAction":[{"@type":"SearchAction","target":{"@type":"EntryPoint","urlTemplate":"https:\/\/brillana.pt\/en\/?s={search_term_string}"},"query-input":{"@type":"PropertyValueSpecification","valueRequired":true,"valueName":"search_term_string"}}],"inLanguage":"en-US"},{"@type":"Organization","@id":"https:\/\/brillana.pt\/en\/#organization","name":"Brillana Jewelry","alternateName":"Brillana Jewelry","url":"https:\/\/brillana.pt\/en\/","logo":{"@type":"ImageObject","inLanguage":"en-US","@id":"https:\/\/brillana.pt\/en\/#\/schema\/logo\/image\/","url":"https:\/\/brillana.pt\/wp-content\/uploads\/2026\/02\/logo_brillana_favicon.png","contentUrl":"https:\/\/brillana.pt\/wp-content\/uploads\/2026\/02\/logo_brillana_favicon.png","width":512,"height":512,"caption":"Brillana Jewelry"},"image":{"@id":"https:\/\/brillana.pt\/en\/#\/schema\/logo\/image\/"},"sameAs":["https:\/\/www.facebook.com\/p\/Brillana-Jewelry-61579016018790\/","https:\/\/www.instagram.com\/brillanajewelry?utm_source=qr&igsh=Y2psdmw0eDB2b3o1","https:\/\/www.tiktok.com\/@brillanajewelry?_t=ZG-8yosEjgm48W&_r=1"]}]}},"_links":{"self":[{"href":"https:\/\/brillana.pt\/en\/wp-json\/wp\/v2\/product\/4713","targetHints":{"allow":["GET"]}}],"collection":[{"href":"https:\/\/brillana.pt\/en\/wp-json\/wp\/v2\/product"}],"about":[{"href":"https:\/\/brillana.pt\/en\/wp-json\/wp\/v2\/types\/product"}],"replies":[{"embeddable":true,"href":"https:\/\/brillana.pt\/en\/wp-json\/wp\/v2\/comments?post=4713"}],"wp:featuredmedia":[{"embeddable":true,"href":"https:\/\/brillana.pt\/en\/wp-json\/wp\/v2\/media\/4704"}],"wp:attachment":[{"href":"https:\/\/brillana.pt\/en\/wp-json\/wp\/v2\/media?parent=4713"}],"wp:term":[{"taxonomy":"product_brand","embeddable":true,"href":"https:\/\/brillana.pt\/en\/wp-json\/wp\/v2\/product_brand?post=4713"},{"taxonomy":"product_cat","embeddable":true,"href":"https:\/\/brillana.pt\/en\/wp-json\/wp\/v2\/product_cat?post=4713"},{"taxonomy":"product_tag","embeddable":true,"href":"https:\/\/brillana.pt\/en\/wp-json\/wp\/v2\/product_tag?post=4713"}],"curies":[{"name":"wp","href":"https:\/\/api.w.org\/{rel}","templated":true}]}}