{"id":4365,"date":"2017-09-27T17:17:24","date_gmt":"2017-09-27T17:17:24","guid":{"rendered":"https:\/\/brillana.pt\/carrito\/"},"modified":"2026-02-10T16:18:22","modified_gmt":"2026-02-10T16:18:22","slug":"carrito","status":"publish","type":"page","link":"https:\/\/brillana.pt\/es\/carrito\/","title":{"rendered":"Carrito"},"content":{"rendered":"\n<div data-block-name=\"woocommerce\/cart\" class=\"wp-block-woocommerce-cart alignwide is-loading\">\n<div data-block-name=\"woocommerce\/filled-cart-block\" class=\"wp-block-woocommerce-filled-cart-block\">\n<div data-block-name=\"woocommerce\/cart-items-block\" class=\"wp-block-woocommerce-cart-items-block\">\n<div data-block-name=\"woocommerce\/cart-line-items-block\" class=\"wp-block-woocommerce-cart-line-items-block\"><\/div>\n\n\n<\/div>\n\n\n\n\n<div data-block-name=\"woocommerce\/cart-totals-block\" class=\"wp-block-woocommerce-cart-totals-block\">\n<div data-block-name=\"woocommerce\/cart-order-summary-block\" class=\"wp-block-woocommerce-cart-order-summary-block\">\n<div data-block-name=\"woocommerce\/cart-order-summary-heading-block\" class=\"wp-block-woocommerce-cart-order-summary-heading-block\"><\/div><div data-block-name=\"woocommerce\/cart-order-summary-coupon-form-block\" class=\"wp-block-woocommerce-cart-order-summary-coupon-form-block\"><\/div><div data-block-name=\"woocommerce\/cart-order-summary-totals-block\" class=\"wp-block-woocommerce-cart-order-summary-totals-block\">\n<div data-block-name=\"woocommerce\/cart-order-summary-subtotal-block\" class=\"wp-block-woocommerce-cart-order-summary-subtotal-block\"><\/div>\n<div data-block-name=\"woocommerce\/cart-order-summary-discount-block\" class=\"wp-block-woocommerce-cart-order-summary-discount-block\"><\/div>\n<div data-block-name=\"woocommerce\/cart-order-summary-fee-block\" class=\"wp-block-woocommerce-cart-order-summary-fee-block\"><\/div>\n<div data-block-name=\"woocommerce\/cart-order-summary-shipping-block\" class=\"wp-block-woocommerce-cart-order-summary-shipping-block\"><\/div>\n<div data-block-name=\"woocommerce\/cart-order-summary-taxes-block\" class=\"wp-block-woocommerce-cart-order-summary-taxes-block\"><\/div><\/div>\n<\/div>\n\n\n\n<div data-block-name=\"woocommerce\/cart-express-payment-block\" class=\"wp-block-woocommerce-cart-express-payment-block\"><\/div>\n\n\n\n<div data-block-name=\"woocommerce\/proceed-to-checkout-block\" class=\"wp-block-woocommerce-proceed-to-checkout-block\"><\/div>\n\n\n\n<div data-block-name=\"woocommerce\/cart-accepted-payment-methods-block\" class=\"wp-block-woocommerce-cart-accepted-payment-methods-block\"><\/div>\n<\/div>\n<\/div>\n\n\n\n<div data-block-name=\"woocommerce\/empty-cart-block\" class=\"wp-block-woocommerce-empty-cart-block\">\n<h2 class=\"wp-block-heading has-text-align-center with-empty-cart-icon wc-block-cart__empty-cart__title\">\u00a1Tu carrito est\u00e1 actualmente vac\u00edo!<\/h2>\n\n\n\n<hr class=\"wp-block-separator has-alpha-channel-opacity is-style-dots\"\/>\n\n\n\n<h2 class=\"wp-block-heading has-text-align-center\">Nuevo en la tienda<\/h2>\n\n\n<div data-block-name=\"woocommerce\/product-new\" data-columns=\"4\" data-rows=\"1\" class=\"wc-block-grid wp-block-product-new wp-block-woocommerce-product-new wc-block-product-new has-4-columns\"><ul class=\"wc-block-grid__products\"><li class=\"wc-block-grid__product\">\n\t\t\t\t<a href=\"https:\/\/brillana.pt\/es\/produto\/conjunto-banado-en-oro-2\/\" class=\"wc-block-grid__product-link\">\n\t\t\t\t\t\n\t\t\t\t\t<div class=\"wc-block-grid__product-image\"><img fetchpriority=\"high\" decoding=\"async\" width=\"350\" height=\"350\" src=\"https:\/\/brillana.pt\/wp-content\/uploads\/2026\/02\/030224088_02-scaled-1-350x350.jpg\" class=\"attachment-woocommerce_thumbnail size-woocommerce_thumbnail\" alt=\"Conjunto ba\u00f1ado en oro\" srcset=\"https:\/\/brillana.pt\/wp-content\/uploads\/2026\/02\/030224088_02-scaled-1-350x350.jpg 350w, https:\/\/brillana.pt\/wp-content\/uploads\/2026\/02\/030224088_02-scaled-1-300x300.jpg 300w, https:\/\/brillana.pt\/wp-content\/uploads\/2026\/02\/030224088_02-scaled-1-595x595.jpg 595w, https:\/\/brillana.pt\/wp-content\/uploads\/2026\/02\/030224088_02-scaled-1-150x150.jpg 150w, https:\/\/brillana.pt\/wp-content\/uploads\/2026\/02\/030224088_02-scaled-1-768x768.jpg 768w, https:\/\/brillana.pt\/wp-content\/uploads\/2026\/02\/030224088_02-scaled-1-1536x1536.jpg 1536w, https:\/\/brillana.pt\/wp-content\/uploads\/2026\/02\/030224088_02-scaled-1-2048x2048.jpg 2048w, https:\/\/brillana.pt\/wp-content\/uploads\/2026\/02\/030224088_02-scaled-1-380x380.jpg 380w, https:\/\/brillana.pt\/wp-content\/uploads\/2026\/02\/030224088_02-scaled-1-450x450.jpg 450w, https:\/\/brillana.pt\/wp-content\/uploads\/2026\/02\/030224088_02-scaled-1-100x100.jpg 100w\" sizes=\"(max-width: 350px) 100vw, 350px\" \/><\/div>\n\t\t\t\t\t<div class=\"wc-block-grid__product-title\">Conjunto ba\u00f1ado en oro<\/div>\n\t\t\t\t<\/a>\n\t\t\t\t<div class=\"wc-block-grid__product-price price\"><span class=\"woocommerce-Price-amount amount\">72,99&nbsp;<span class=\"woocommerce-Price-currencySymbol\">&euro;<\/span><\/span><\/div>\n\t\t\t\t\n\t\t\t\t<div class=\"wp-block-button wc-block-grid__product-add-to-cart\"><a href=\"https:\/\/brillana.pt\/es\/produto\/conjunto-banado-en-oro-2\/\" aria-label=\"Elige las opciones para &ldquo;Conjunto ba\u00f1ado en oro&rdquo;\" data-quantity=\"1\" data-product_id=\"4531\" data-product_sku=\"CJ030224088\" data-price=\"72.99\" rel=\"nofollow\" class=\"wp-block-button__link  add_to_cart_button\">Seleccionar opciones<\/a><\/div>\n\t\t\t<\/li><li class=\"wc-block-grid__product\">\n\t\t\t\t<a href=\"https:\/\/brillana.pt\/es\/produto\/conjunto-banado-en-oro\/\" class=\"wc-block-grid__product-link\">\n\t\t\t\t\t\n\t\t\t\t\t<div class=\"wc-block-grid__product-image\"><img decoding=\"async\" width=\"350\" height=\"350\" src=\"https:\/\/brillana.pt\/wp-content\/uploads\/2026\/02\/030262879_02-350x350.jpg\" class=\"attachment-woocommerce_thumbnail size-woocommerce_thumbnail\" alt=\"Conjunto ba\u00f1ado en oro\" srcset=\"https:\/\/brillana.pt\/wp-content\/uploads\/2026\/02\/030262879_02-350x350.jpg 350w, https:\/\/brillana.pt\/wp-content\/uploads\/2026\/02\/030262879_02-300x300.jpg 300w, https:\/\/brillana.pt\/wp-content\/uploads\/2026\/02\/030262879_02-595x595.jpg 595w, https:\/\/brillana.pt\/wp-content\/uploads\/2026\/02\/030262879_02-150x150.jpg 150w, https:\/\/brillana.pt\/wp-content\/uploads\/2026\/02\/030262879_02-768x768.jpg 768w, https:\/\/brillana.pt\/wp-content\/uploads\/2026\/02\/030262879_02-380x380.jpg 380w, https:\/\/brillana.pt\/wp-content\/uploads\/2026\/02\/030262879_02-450x450.jpg 450w, https:\/\/brillana.pt\/wp-content\/uploads\/2026\/02\/030262879_02-100x100.jpg 100w, https:\/\/brillana.pt\/wp-content\/uploads\/2026\/02\/030262879_02.jpg 1200w\" sizes=\"(max-width: 350px) 100vw, 350px\" \/><\/div>\n\t\t\t\t\t<div class=\"wc-block-grid__product-title\">Conjunto ba\u00f1ado en oro<\/div>\n\t\t\t\t<\/a>\n\t\t\t\t<div class=\"wc-block-grid__product-price price\"><span class=\"woocommerce-Price-amount amount\">46,99&nbsp;<span class=\"woocommerce-Price-currencySymbol\">&euro;<\/span><\/span><\/div>\n\t\t\t\t\n\t\t\t\t<div class=\"wp-block-button wc-block-grid__product-add-to-cart\"><a href=\"https:\/\/brillana.pt\/es\/produto\/conjunto-banado-en-oro\/\" aria-label=\"Elige las opciones para &ldquo;Conjunto ba\u00f1ado en oro&rdquo;\" data-quantity=\"1\" data-product_id=\"4519\" data-product_sku=\"CJ030262879\" data-price=\"46.99\" rel=\"nofollow\" class=\"wp-block-button__link  add_to_cart_button\">Seleccionar opciones<\/a><\/div>\n\t\t\t<\/li><li class=\"wc-block-grid__product\">\n\t\t\t\t<a href=\"https:\/\/brillana.pt\/es\/produto\/brinco-banhado-a-ouro-em-espanhol-e-3\/\" class=\"wc-block-grid__product-link\">\n\t\t\t\t\t\n\t\t\t\t\t<div class=\"wc-block-grid__product-image\"><img decoding=\"async\" width=\"350\" height=\"350\" src=\"https:\/\/brillana.pt\/wp-content\/uploads\/2026\/02\/020275301_02-350x350.jpg\" class=\"attachment-woocommerce_thumbnail size-woocommerce_thumbnail\" alt=\"Brinco Banhado a Ouro em espanhol \u00e9:&lt;br&gt;\" srcset=\"https:\/\/brillana.pt\/wp-content\/uploads\/2026\/02\/020275301_02-350x350.jpg 350w, https:\/\/brillana.pt\/wp-content\/uploads\/2026\/02\/020275301_02-300x300.jpg 300w, https:\/\/brillana.pt\/wp-content\/uploads\/2026\/02\/020275301_02-595x595.jpg 595w, https:\/\/brillana.pt\/wp-content\/uploads\/2026\/02\/020275301_02-150x150.jpg 150w, https:\/\/brillana.pt\/wp-content\/uploads\/2026\/02\/020275301_02-768x768.jpg 768w, https:\/\/brillana.pt\/wp-content\/uploads\/2026\/02\/020275301_02-380x380.jpg 380w, https:\/\/brillana.pt\/wp-content\/uploads\/2026\/02\/020275301_02-450x450.jpg 450w, https:\/\/brillana.pt\/wp-content\/uploads\/2026\/02\/020275301_02-100x100.jpg 100w, https:\/\/brillana.pt\/wp-content\/uploads\/2026\/02\/020275301_02.jpg 1200w\" sizes=\"(max-width: 350px) 100vw, 350px\" \/><\/div>\n\t\t\t\t\t<div class=\"wc-block-grid__product-title\">Brinco Banhado a Ouro em espanhol \u00e9:<br><\/div>\n\t\t\t\t<\/a>\n\t\t\t\t<div class=\"wc-block-grid__product-price price\"><span class=\"woocommerce-Price-amount amount\">29,99&nbsp;<span class=\"woocommerce-Price-currencySymbol\">&euro;<\/span><\/span><\/div>\n\t\t\t\t\n\t\t\t\t<div class=\"wp-block-button wc-block-grid__product-add-to-cart\"><a href=\"https:\/\/brillana.pt\/es\/produto\/brinco-banhado-a-ouro-em-espanhol-e-3\/\" aria-label=\"Elige las opciones para &ldquo;Brinco Banhado a Ouro em espanhol \u00e9:&lt;br&gt;&rdquo;\" data-quantity=\"1\" data-product_id=\"4724\" data-product_sku=\"BR02075301\" data-price=\"29.99\" rel=\"nofollow\" class=\"wp-block-button__link  add_to_cart_button\">Seleccionar opciones<\/a><\/div>\n\t\t\t<\/li><li class=\"wc-block-grid__product\">\n\t\t\t\t<a href=\"https:\/\/brillana.pt\/es\/produto\/brinco-banhado-a-ouro-em-espanhol-e-2\/\" class=\"wc-block-grid__product-link\">\n\t\t\t\t\t\n\t\t\t\t\t<div class=\"wc-block-grid__product-image\"><img loading=\"lazy\" decoding=\"async\" width=\"350\" height=\"350\" src=\"https:\/\/brillana.pt\/wp-content\/uploads\/2026\/02\/0202315021033_12-350x350.jpg\" class=\"attachment-woocommerce_thumbnail size-woocommerce_thumbnail\" alt=\"Brinco Banhado a Ouro em espanhol \u00e9:&lt;br&gt;\" srcset=\"https:\/\/brillana.pt\/wp-content\/uploads\/2026\/02\/0202315021033_12-350x350.jpg 350w, https:\/\/brillana.pt\/wp-content\/uploads\/2026\/02\/0202315021033_12-300x300.jpg 300w, https:\/\/brillana.pt\/wp-content\/uploads\/2026\/02\/0202315021033_12-595x595.jpg 595w, https:\/\/brillana.pt\/wp-content\/uploads\/2026\/02\/0202315021033_12-150x150.jpg 150w, https:\/\/brillana.pt\/wp-content\/uploads\/2026\/02\/0202315021033_12-768x768.jpg 768w, https:\/\/brillana.pt\/wp-content\/uploads\/2026\/02\/0202315021033_12-380x380.jpg 380w, https:\/\/brillana.pt\/wp-content\/uploads\/2026\/02\/0202315021033_12-450x450.jpg 450w, https:\/\/brillana.pt\/wp-content\/uploads\/2026\/02\/0202315021033_12-100x100.jpg 100w, https:\/\/brillana.pt\/wp-content\/uploads\/2026\/02\/0202315021033_12.jpg 1200w\" sizes=\"(max-width: 350px) 100vw, 350px\" \/><\/div>\n\t\t\t\t\t<div class=\"wc-block-grid__product-title\">Brinco Banhado a Ouro em espanhol \u00e9:<br><\/div>\n\t\t\t\t<\/a>\n\t\t\t\t<div class=\"wc-block-grid__product-price price\"><span class=\"woocommerce-Price-amount amount\">41,99&nbsp;<span class=\"woocommerce-Price-currencySymbol\">&euro;<\/span><\/span><\/div>\n\t\t\t\t\n\t\t\t\t<div class=\"wp-block-button wc-block-grid__product-add-to-cart\"><a href=\"https:\/\/brillana.pt\/es\/produto\/brinco-banhado-a-ouro-em-espanhol-e-2\/\" aria-label=\"Elige las opciones para &ldquo;Brinco Banhado a Ouro em espanhol \u00e9:&lt;br&gt;&rdquo;\" data-quantity=\"1\" data-product_id=\"4701\" data-product_sku=\"BR020231502\" data-price=\"41.99\" rel=\"nofollow\" class=\"wp-block-button__link  add_to_cart_button\">Seleccionar opciones<\/a><\/div>\n\t\t\t<\/li><\/ul><\/div><\/div>\n<\/div>\n","protected":false},"excerpt":{"rendered":"","protected":false},"author":1,"featured_media":0,"parent":0,"menu_order":0,"comment_status":"closed","ping_status":"closed","template":"page-shopping-cart.php","meta":{"googlesitekit_rrm_CAowhMXADA:productID":"","footnotes":""},"class_list":["post-4365","page","type-page","status-publish","hentry"],"yoast_head":"<!-- This site is optimized with the Yoast SEO plugin v27.3 - https:\/\/yoast.com\/product\/yoast-seo-wordpress\/ -->\n<title>Carrito - Brillana<\/title>\n<meta name=\"description\" content=\"Brillana cria joias elegantes e intemporais. Descubra pe\u00e7as \u00fanicas que combinam sofistica\u00e7\u00e3o, qualidade e estilo para todos os momentos.\" \/>\n<meta name=\"robots\" content=\"index, follow, max-snippet:-1, max-image-preview:large, max-video-preview:-1\" \/>\n<link rel=\"canonical\" href=\"https:\/\/brillana.pt\/es\/carrito\/\" \/>\n<meta property=\"og:locale\" content=\"es_ES\" \/>\n<meta property=\"og:type\" content=\"article\" \/>\n<meta property=\"og:title\" content=\"Carrito - Brillana\" \/>\n<meta property=\"og:description\" content=\"Brillana cria joias elegantes e intemporais. Descubra pe\u00e7as \u00fanicas que combinam sofistica\u00e7\u00e3o, qualidade e estilo para todos os momentos.\" \/>\n<meta property=\"og:url\" content=\"https:\/\/brillana.pt\/es\/carrito\/\" \/>\n<meta property=\"og:site_name\" content=\"Brillana\" \/>\n<meta property=\"article:publisher\" content=\"https:\/\/www.facebook.com\/p\/Brillana-Jewelry-61579016018790\/\" \/>\n<meta property=\"article:modified_time\" content=\"2026-02-10T16:18:22+00:00\" \/>\n<meta property=\"og:image\" content=\"https:\/\/brillana.pt\/wp-content\/uploads\/2026\/02\/Sem-nome-1200-x-675-px.png\" \/>\n\t<meta property=\"og:image:width\" content=\"1200\" \/>\n\t<meta property=\"og:image:height\" content=\"675\" \/>\n\t<meta property=\"og:image:type\" content=\"image\/png\" \/>\n<meta name=\"twitter:card\" content=\"summary_large_image\" \/>\n<script type=\"application\/ld+json\" class=\"yoast-schema-graph\">{\"@context\":\"https:\\\/\\\/schema.org\",\"@graph\":[{\"@type\":\"WebPage\",\"@id\":\"https:\\\/\\\/brillana.pt\\\/es\\\/carrito\\\/\",\"url\":\"https:\\\/\\\/brillana.pt\\\/es\\\/carrito\\\/\",\"name\":\"Carrito - Brillana\",\"isPartOf\":{\"@id\":\"https:\\\/\\\/brillana.pt\\\/es\\\/#website\"},\"datePublished\":\"2017-09-27T17:17:24+00:00\",\"dateModified\":\"2026-02-10T16:18:22+00:00\",\"description\":\"Brillana cria joias elegantes e intemporais. Descubra pe\u00e7as \u00fanicas que combinam sofistica\u00e7\u00e3o, qualidade e estilo para todos os momentos.\",\"breadcrumb\":{\"@id\":\"https:\\\/\\\/brillana.pt\\\/es\\\/carrito\\\/#breadcrumb\"},\"inLanguage\":\"es\",\"potentialAction\":[{\"@type\":\"ReadAction\",\"target\":[\"https:\\\/\\\/brillana.pt\\\/es\\\/carrito\\\/\"]}]},{\"@type\":\"BreadcrumbList\",\"@id\":\"https:\\\/\\\/brillana.pt\\\/es\\\/carrito\\\/#breadcrumb\",\"itemListElement\":[{\"@type\":\"ListItem\",\"position\":1,\"name\":\"In\u00edcio\",\"item\":\"https:\\\/\\\/brillana.pt\\\/es\\\/\"},{\"@type\":\"ListItem\",\"position\":2,\"name\":\"Carrito\"}]},{\"@type\":\"WebSite\",\"@id\":\"https:\\\/\\\/brillana.pt\\\/es\\\/#website\",\"url\":\"https:\\\/\\\/brillana.pt\\\/es\\\/\",\"name\":\"Brillana Jewelry\",\"description\":\"Jewelry\",\"publisher\":{\"@id\":\"https:\\\/\\\/brillana.pt\\\/es\\\/#organization\"},\"alternateName\":\"Brillana Jewelry\",\"potentialAction\":[{\"@type\":\"SearchAction\",\"target\":{\"@type\":\"EntryPoint\",\"urlTemplate\":\"https:\\\/\\\/brillana.pt\\\/es\\\/?s={search_term_string}\"},\"query-input\":{\"@type\":\"PropertyValueSpecification\",\"valueRequired\":true,\"valueName\":\"search_term_string\"}}],\"inLanguage\":\"es\"},{\"@type\":\"Organization\",\"@id\":\"https:\\\/\\\/brillana.pt\\\/es\\\/#organization\",\"name\":\"Brillana Jewelry\",\"alternateName\":\"Brillana Jewelry\",\"url\":\"https:\\\/\\\/brillana.pt\\\/es\\\/\",\"logo\":{\"@type\":\"ImageObject\",\"inLanguage\":\"es\",\"@id\":\"https:\\\/\\\/brillana.pt\\\/es\\\/#\\\/schema\\\/logo\\\/image\\\/\",\"url\":\"https:\\\/\\\/brillana.pt\\\/wp-content\\\/uploads\\\/2026\\\/02\\\/logo_brillana_favicon.png\",\"contentUrl\":\"https:\\\/\\\/brillana.pt\\\/wp-content\\\/uploads\\\/2026\\\/02\\\/logo_brillana_favicon.png\",\"width\":512,\"height\":512,\"caption\":\"Brillana Jewelry\"},\"image\":{\"@id\":\"https:\\\/\\\/brillana.pt\\\/es\\\/#\\\/schema\\\/logo\\\/image\\\/\"},\"sameAs\":[\"https:\\\/\\\/www.facebook.com\\\/p\\\/Brillana-Jewelry-61579016018790\\\/\",\"https:\\\/\\\/www.instagram.com\\\/brillanajewelry?utm_source=qr&igsh=Y2psdmw0eDB2b3o1\",\"https:\\\/\\\/www.tiktok.com\\\/@brillanajewelry?_t=ZG-8yosEjgm48W&_r=1\"]}]}<\/script>\n<!-- \/ Yoast SEO plugin. -->","yoast_head_json":{"title":"Carrito - Brillana","description":"Brillana cria joias elegantes e intemporais. Descubra pe\u00e7as \u00fanicas que combinam sofistica\u00e7\u00e3o, qualidade e estilo para todos os momentos.","robots":{"index":"index","follow":"follow","max-snippet":"max-snippet:-1","max-image-preview":"max-image-preview:large","max-video-preview":"max-video-preview:-1"},"canonical":"https:\/\/brillana.pt\/es\/carrito\/","og_locale":"es_ES","og_type":"article","og_title":"Carrito - Brillana","og_description":"Brillana cria joias elegantes e intemporais. Descubra pe\u00e7as \u00fanicas que combinam sofistica\u00e7\u00e3o, qualidade e estilo para todos os momentos.","og_url":"https:\/\/brillana.pt\/es\/carrito\/","og_site_name":"Brillana","article_publisher":"https:\/\/www.facebook.com\/p\/Brillana-Jewelry-61579016018790\/","article_modified_time":"2026-02-10T16:18:22+00:00","og_image":[{"width":1200,"height":675,"url":"https:\/\/brillana.pt\/wp-content\/uploads\/2026\/02\/Sem-nome-1200-x-675-px.png","type":"image\/png"}],"twitter_card":"summary_large_image","schema":{"@context":"https:\/\/schema.org","@graph":[{"@type":"WebPage","@id":"https:\/\/brillana.pt\/es\/carrito\/","url":"https:\/\/brillana.pt\/es\/carrito\/","name":"Carrito - Brillana","isPartOf":{"@id":"https:\/\/brillana.pt\/es\/#website"},"datePublished":"2017-09-27T17:17:24+00:00","dateModified":"2026-02-10T16:18:22+00:00","description":"Brillana cria joias elegantes e intemporais. Descubra pe\u00e7as \u00fanicas que combinam sofistica\u00e7\u00e3o, qualidade e estilo para todos os momentos.","breadcrumb":{"@id":"https:\/\/brillana.pt\/es\/carrito\/#breadcrumb"},"inLanguage":"es","potentialAction":[{"@type":"ReadAction","target":["https:\/\/brillana.pt\/es\/carrito\/"]}]},{"@type":"BreadcrumbList","@id":"https:\/\/brillana.pt\/es\/carrito\/#breadcrumb","itemListElement":[{"@type":"ListItem","position":1,"name":"In\u00edcio","item":"https:\/\/brillana.pt\/es\/"},{"@type":"ListItem","position":2,"name":"Carrito"}]},{"@type":"WebSite","@id":"https:\/\/brillana.pt\/es\/#website","url":"https:\/\/brillana.pt\/es\/","name":"Brillana Jewelry","description":"Jewelry","publisher":{"@id":"https:\/\/brillana.pt\/es\/#organization"},"alternateName":"Brillana Jewelry","potentialAction":[{"@type":"SearchAction","target":{"@type":"EntryPoint","urlTemplate":"https:\/\/brillana.pt\/es\/?s={search_term_string}"},"query-input":{"@type":"PropertyValueSpecification","valueRequired":true,"valueName":"search_term_string"}}],"inLanguage":"es"},{"@type":"Organization","@id":"https:\/\/brillana.pt\/es\/#organization","name":"Brillana Jewelry","alternateName":"Brillana Jewelry","url":"https:\/\/brillana.pt\/es\/","logo":{"@type":"ImageObject","inLanguage":"es","@id":"https:\/\/brillana.pt\/es\/#\/schema\/logo\/image\/","url":"https:\/\/brillana.pt\/wp-content\/uploads\/2026\/02\/logo_brillana_favicon.png","contentUrl":"https:\/\/brillana.pt\/wp-content\/uploads\/2026\/02\/logo_brillana_favicon.png","width":512,"height":512,"caption":"Brillana Jewelry"},"image":{"@id":"https:\/\/brillana.pt\/es\/#\/schema\/logo\/image\/"},"sameAs":["https:\/\/www.facebook.com\/p\/Brillana-Jewelry-61579016018790\/","https:\/\/www.instagram.com\/brillanajewelry?utm_source=qr&igsh=Y2psdmw0eDB2b3o1","https:\/\/www.tiktok.com\/@brillanajewelry?_t=ZG-8yosEjgm48W&_r=1"]}]}},"_links":{"self":[{"href":"https:\/\/brillana.pt\/es\/wp-json\/wp\/v2\/pages\/4365","targetHints":{"allow":["GET"]}}],"collection":[{"href":"https:\/\/brillana.pt\/es\/wp-json\/wp\/v2\/pages"}],"about":[{"href":"https:\/\/brillana.pt\/es\/wp-json\/wp\/v2\/types\/page"}],"author":[{"embeddable":true,"href":"https:\/\/brillana.pt\/es\/wp-json\/wp\/v2\/users\/1"}],"replies":[{"embeddable":true,"href":"https:\/\/brillana.pt\/es\/wp-json\/wp\/v2\/comments?post=4365"}],"version-history":[{"count":1,"href":"https:\/\/brillana.pt\/es\/wp-json\/wp\/v2\/pages\/4365\/revisions"}],"predecessor-version":[{"id":4370,"href":"https:\/\/brillana.pt\/es\/wp-json\/wp\/v2\/pages\/4365\/revisions\/4370"}],"wp:attachment":[{"href":"https:\/\/brillana.pt\/es\/wp-json\/wp\/v2\/media?parent=4365"}],"curies":[{"name":"wp","href":"https:\/\/api.w.org\/{rel}","templated":true}]}}