{"id":4615,"date":"2026-02-09T16:32:36","date_gmt":"2026-02-09T16:32:36","guid":{"rendered":"https:\/\/brillana.pt\/produto\/anillo-bano-de-oro-2\/"},"modified":"2026-02-09T16:32:36","modified_gmt":"2026-02-09T16:32:36","slug":"anillo-bano-de-oro-2","status":"publish","type":"product","link":"https:\/\/brillana.pt\/es\/produto\/anillo-bano-de-oro-2\/","title":{"rendered":"Anillo Ba\u00f1o de Oro"},"content":{"rendered":"<p>COLECCI\u00d3N SUBLIME<br \/>\nEste anillo posee detalles en piedras fragmentadas y piedra natural de geoda, extra\u00edda del interior de una \u00e1gata, con detalles en drusa, de formas y tama\u00f1os variados, convirti\u00e9ndose as\u00ed en una pieza \u00fanica.<br \/>Observaci\u00f3n sobre los colores: al tratarse de piedras naturales, las geodas presentan variaciones que van desde las m\u00e1s claras hasta las m\u00e1s oscuras.<br \/>La colecci\u00f3n rinde homenaje a la naturaleza y a los 40 a\u00f1os de historia de la marca, uniendo tradici\u00f3n e innovaci\u00f3n. Con formas org\u00e1nicas, piedras naturales y t\u00e9cnicas manuales refinadas, las piezas destacan por su sofisticaci\u00f3n atemporal e incorporan toques tecnol\u00f3gicos para realzar el dise\u00f1o y la precisi\u00f3n.<\/p>\n","protected":false},"excerpt":{"rendered":"<p>COLECCI\u00d3N SUBLIME Este anillo posee detalles en piedras fragmentadas y piedra natural de geoda, extra\u00edda del interior de una \u00e1gata, con detalles en drusa, de formas y tama\u00f1os variados, convirti\u00e9ndose as\u00ed en una pieza \u00fanica.Observaci\u00f3n sobre los colores: al tratarse de piedras naturales, las geodas presentan variaciones que van desde las m\u00e1s claras hasta las [&hellip;]<\/p>\n","protected":false},"featured_media":4599,"comment_status":"open","ping_status":"closed","template":"","meta":{"googlesitekit_rrm_CAowhMXADA:productID":""},"product_brand":[],"product_cat":[270,276,304],"product_tag":[],"class_list":{"0":"post-4615","1":"product","2":"type-product","3":"status-publish","4":"has-post-thumbnail","6":"product_cat-anillos","7":"product_cat-colecciones","8":"product_cat-sublime","10":"first","11":"instock","12":"taxable","13":"shipping-taxable","14":"purchasable","15":"product-type-variable"},"yoast_head":"<!-- This site is optimized with the Yoast SEO plugin v27.3 - https:\/\/yoast.com\/product\/yoast-seo-wordpress\/ -->\n<title>Anillo Ba\u00f1o de Oro - Brillana<\/title>\n<meta name=\"description\" content=\"Brillana cria joias elegantes e intemporais. Descubra pe\u00e7as \u00fanicas que combinam sofistica\u00e7\u00e3o, qualidade e estilo para todos os momentos.\" \/>\n<meta name=\"robots\" content=\"index, follow, max-snippet:-1, max-image-preview:large, max-video-preview:-1\" \/>\n<link rel=\"canonical\" href=\"https:\/\/brillana.pt\/es\/produto\/anillo-bano-de-oro-2\/\" \/>\n<meta property=\"og:locale\" content=\"es_ES\" \/>\n<meta property=\"og:type\" content=\"article\" \/>\n<meta property=\"og:title\" content=\"Anillo Ba\u00f1o de Oro - Brillana\" \/>\n<meta property=\"og:description\" content=\"Brillana cria joias elegantes e intemporais. Descubra pe\u00e7as \u00fanicas que combinam sofistica\u00e7\u00e3o, qualidade e estilo para todos os momentos.\" \/>\n<meta property=\"og:url\" content=\"https:\/\/brillana.pt\/es\/produto\/anillo-bano-de-oro-2\/\" \/>\n<meta property=\"og:site_name\" content=\"Brillana\" \/>\n<meta property=\"article:publisher\" content=\"https:\/\/www.facebook.com\/p\/Brillana-Jewelry-61579016018790\/\" \/>\n<meta property=\"og:image\" content=\"https:\/\/brillana.pt\/wp-content\/uploads\/2026\/02\/010275098_02.jpg\" \/>\n\t<meta property=\"og:image:width\" content=\"1200\" \/>\n\t<meta property=\"og:image:height\" content=\"1200\" \/>\n\t<meta property=\"og:image:type\" content=\"image\/jpeg\" \/>\n<meta name=\"twitter:card\" content=\"summary_large_image\" \/>\n<meta name=\"twitter:label1\" content=\"Tiempo de lectura\" \/>\n\t<meta name=\"twitter:data1\" content=\"1 minuto\" \/>\n<script type=\"application\/ld+json\" class=\"yoast-schema-graph\">{\"@context\":\"https:\\\/\\\/schema.org\",\"@graph\":[{\"@type\":\"WebPage\",\"@id\":\"https:\\\/\\\/brillana.pt\\\/es\\\/produto\\\/anillo-bano-de-oro-2\\\/\",\"url\":\"https:\\\/\\\/brillana.pt\\\/es\\\/produto\\\/anillo-bano-de-oro-2\\\/\",\"name\":\"Anillo Ba\u00f1o de Oro - Brillana\",\"isPartOf\":{\"@id\":\"https:\\\/\\\/brillana.pt\\\/es\\\/#website\"},\"primaryImageOfPage\":{\"@id\":\"https:\\\/\\\/brillana.pt\\\/es\\\/produto\\\/anillo-bano-de-oro-2\\\/#primaryimage\"},\"image\":{\"@id\":\"https:\\\/\\\/brillana.pt\\\/es\\\/produto\\\/anillo-bano-de-oro-2\\\/#primaryimage\"},\"thumbnailUrl\":\"https:\\\/\\\/brillana.pt\\\/wp-content\\\/uploads\\\/2026\\\/02\\\/010275098_02.jpg\",\"datePublished\":\"2026-02-09T16:32:36+00:00\",\"description\":\"Brillana cria joias elegantes e intemporais. Descubra pe\u00e7as \u00fanicas que combinam sofistica\u00e7\u00e3o, qualidade e estilo para todos os momentos.\",\"breadcrumb\":{\"@id\":\"https:\\\/\\\/brillana.pt\\\/es\\\/produto\\\/anillo-bano-de-oro-2\\\/#breadcrumb\"},\"inLanguage\":\"es\",\"potentialAction\":[{\"@type\":\"ReadAction\",\"target\":[\"https:\\\/\\\/brillana.pt\\\/es\\\/produto\\\/anillo-bano-de-oro-2\\\/\"]}]},{\"@type\":\"ImageObject\",\"inLanguage\":\"es\",\"@id\":\"https:\\\/\\\/brillana.pt\\\/es\\\/produto\\\/anillo-bano-de-oro-2\\\/#primaryimage\",\"url\":\"https:\\\/\\\/brillana.pt\\\/wp-content\\\/uploads\\\/2026\\\/02\\\/010275098_02.jpg\",\"contentUrl\":\"https:\\\/\\\/brillana.pt\\\/wp-content\\\/uploads\\\/2026\\\/02\\\/010275098_02.jpg\",\"width\":1200,\"height\":1200},{\"@type\":\"BreadcrumbList\",\"@id\":\"https:\\\/\\\/brillana.pt\\\/es\\\/produto\\\/anillo-bano-de-oro-2\\\/#breadcrumb\",\"itemListElement\":[{\"@type\":\"ListItem\",\"position\":1,\"name\":\"In\u00edcio\",\"item\":\"https:\\\/\\\/brillana.pt\\\/es\\\/\"},{\"@type\":\"ListItem\",\"position\":2,\"name\":\"Tienda\",\"item\":\"https:\\\/\\\/brillana.pt\\\/es\\\/tienda\\\/\"},{\"@type\":\"ListItem\",\"position\":3,\"name\":\"Anillo Ba\u00f1o de Oro\"}]},{\"@type\":\"WebSite\",\"@id\":\"https:\\\/\\\/brillana.pt\\\/es\\\/#website\",\"url\":\"https:\\\/\\\/brillana.pt\\\/es\\\/\",\"name\":\"Brillana Jewelry\",\"description\":\"Jewelry\",\"publisher\":{\"@id\":\"https:\\\/\\\/brillana.pt\\\/es\\\/#organization\"},\"alternateName\":\"Brillana Jewelry\",\"potentialAction\":[{\"@type\":\"SearchAction\",\"target\":{\"@type\":\"EntryPoint\",\"urlTemplate\":\"https:\\\/\\\/brillana.pt\\\/es\\\/?s={search_term_string}\"},\"query-input\":{\"@type\":\"PropertyValueSpecification\",\"valueRequired\":true,\"valueName\":\"search_term_string\"}}],\"inLanguage\":\"es\"},{\"@type\":\"Organization\",\"@id\":\"https:\\\/\\\/brillana.pt\\\/es\\\/#organization\",\"name\":\"Brillana Jewelry\",\"alternateName\":\"Brillana Jewelry\",\"url\":\"https:\\\/\\\/brillana.pt\\\/es\\\/\",\"logo\":{\"@type\":\"ImageObject\",\"inLanguage\":\"es\",\"@id\":\"https:\\\/\\\/brillana.pt\\\/es\\\/#\\\/schema\\\/logo\\\/image\\\/\",\"url\":\"https:\\\/\\\/brillana.pt\\\/wp-content\\\/uploads\\\/2026\\\/02\\\/logo_brillana_favicon.png\",\"contentUrl\":\"https:\\\/\\\/brillana.pt\\\/wp-content\\\/uploads\\\/2026\\\/02\\\/logo_brillana_favicon.png\",\"width\":512,\"height\":512,\"caption\":\"Brillana Jewelry\"},\"image\":{\"@id\":\"https:\\\/\\\/brillana.pt\\\/es\\\/#\\\/schema\\\/logo\\\/image\\\/\"},\"sameAs\":[\"https:\\\/\\\/www.facebook.com\\\/p\\\/Brillana-Jewelry-61579016018790\\\/\",\"https:\\\/\\\/www.instagram.com\\\/brillanajewelry?utm_source=qr&igsh=Y2psdmw0eDB2b3o1\",\"https:\\\/\\\/www.tiktok.com\\\/@brillanajewelry?_t=ZG-8yosEjgm48W&_r=1\"]}]}<\/script>\n<!-- \/ Yoast SEO plugin. -->","yoast_head_json":{"title":"Anillo Ba\u00f1o de Oro - Brillana","description":"Brillana cria joias elegantes e intemporais. Descubra pe\u00e7as \u00fanicas que combinam sofistica\u00e7\u00e3o, qualidade e estilo para todos os momentos.","robots":{"index":"index","follow":"follow","max-snippet":"max-snippet:-1","max-image-preview":"max-image-preview:large","max-video-preview":"max-video-preview:-1"},"canonical":"https:\/\/brillana.pt\/es\/produto\/anillo-bano-de-oro-2\/","og_locale":"es_ES","og_type":"article","og_title":"Anillo Ba\u00f1o de Oro - Brillana","og_description":"Brillana cria joias elegantes e intemporais. Descubra pe\u00e7as \u00fanicas que combinam sofistica\u00e7\u00e3o, qualidade e estilo para todos os momentos.","og_url":"https:\/\/brillana.pt\/es\/produto\/anillo-bano-de-oro-2\/","og_site_name":"Brillana","article_publisher":"https:\/\/www.facebook.com\/p\/Brillana-Jewelry-61579016018790\/","og_image":[{"width":1200,"height":1200,"url":"https:\/\/brillana.pt\/wp-content\/uploads\/2026\/02\/010275098_02.jpg","type":"image\/jpeg"}],"twitter_card":"summary_large_image","twitter_misc":{"Tiempo de lectura":"1 minuto"},"schema":{"@context":"https:\/\/schema.org","@graph":[{"@type":"WebPage","@id":"https:\/\/brillana.pt\/es\/produto\/anillo-bano-de-oro-2\/","url":"https:\/\/brillana.pt\/es\/produto\/anillo-bano-de-oro-2\/","name":"Anillo Ba\u00f1o de Oro - Brillana","isPartOf":{"@id":"https:\/\/brillana.pt\/es\/#website"},"primaryImageOfPage":{"@id":"https:\/\/brillana.pt\/es\/produto\/anillo-bano-de-oro-2\/#primaryimage"},"image":{"@id":"https:\/\/brillana.pt\/es\/produto\/anillo-bano-de-oro-2\/#primaryimage"},"thumbnailUrl":"https:\/\/brillana.pt\/wp-content\/uploads\/2026\/02\/010275098_02.jpg","datePublished":"2026-02-09T16:32:36+00:00","description":"Brillana cria joias elegantes e intemporais. Descubra pe\u00e7as \u00fanicas que combinam sofistica\u00e7\u00e3o, qualidade e estilo para todos os momentos.","breadcrumb":{"@id":"https:\/\/brillana.pt\/es\/produto\/anillo-bano-de-oro-2\/#breadcrumb"},"inLanguage":"es","potentialAction":[{"@type":"ReadAction","target":["https:\/\/brillana.pt\/es\/produto\/anillo-bano-de-oro-2\/"]}]},{"@type":"ImageObject","inLanguage":"es","@id":"https:\/\/brillana.pt\/es\/produto\/anillo-bano-de-oro-2\/#primaryimage","url":"https:\/\/brillana.pt\/wp-content\/uploads\/2026\/02\/010275098_02.jpg","contentUrl":"https:\/\/brillana.pt\/wp-content\/uploads\/2026\/02\/010275098_02.jpg","width":1200,"height":1200},{"@type":"BreadcrumbList","@id":"https:\/\/brillana.pt\/es\/produto\/anillo-bano-de-oro-2\/#breadcrumb","itemListElement":[{"@type":"ListItem","position":1,"name":"In\u00edcio","item":"https:\/\/brillana.pt\/es\/"},{"@type":"ListItem","position":2,"name":"Tienda","item":"https:\/\/brillana.pt\/es\/tienda\/"},{"@type":"ListItem","position":3,"name":"Anillo Ba\u00f1o de Oro"}]},{"@type":"WebSite","@id":"https:\/\/brillana.pt\/es\/#website","url":"https:\/\/brillana.pt\/es\/","name":"Brillana Jewelry","description":"Jewelry","publisher":{"@id":"https:\/\/brillana.pt\/es\/#organization"},"alternateName":"Brillana Jewelry","potentialAction":[{"@type":"SearchAction","target":{"@type":"EntryPoint","urlTemplate":"https:\/\/brillana.pt\/es\/?s={search_term_string}"},"query-input":{"@type":"PropertyValueSpecification","valueRequired":true,"valueName":"search_term_string"}}],"inLanguage":"es"},{"@type":"Organization","@id":"https:\/\/brillana.pt\/es\/#organization","name":"Brillana Jewelry","alternateName":"Brillana Jewelry","url":"https:\/\/brillana.pt\/es\/","logo":{"@type":"ImageObject","inLanguage":"es","@id":"https:\/\/brillana.pt\/es\/#\/schema\/logo\/image\/","url":"https:\/\/brillana.pt\/wp-content\/uploads\/2026\/02\/logo_brillana_favicon.png","contentUrl":"https:\/\/brillana.pt\/wp-content\/uploads\/2026\/02\/logo_brillana_favicon.png","width":512,"height":512,"caption":"Brillana Jewelry"},"image":{"@id":"https:\/\/brillana.pt\/es\/#\/schema\/logo\/image\/"},"sameAs":["https:\/\/www.facebook.com\/p\/Brillana-Jewelry-61579016018790\/","https:\/\/www.instagram.com\/brillanajewelry?utm_source=qr&igsh=Y2psdmw0eDB2b3o1","https:\/\/www.tiktok.com\/@brillanajewelry?_t=ZG-8yosEjgm48W&_r=1"]}]}},"_links":{"self":[{"href":"https:\/\/brillana.pt\/es\/wp-json\/wp\/v2\/product\/4615","targetHints":{"allow":["GET"]}}],"collection":[{"href":"https:\/\/brillana.pt\/es\/wp-json\/wp\/v2\/product"}],"about":[{"href":"https:\/\/brillana.pt\/es\/wp-json\/wp\/v2\/types\/product"}],"replies":[{"embeddable":true,"href":"https:\/\/brillana.pt\/es\/wp-json\/wp\/v2\/comments?post=4615"}],"wp:featuredmedia":[{"embeddable":true,"href":"https:\/\/brillana.pt\/es\/wp-json\/wp\/v2\/media\/4599"}],"wp:attachment":[{"href":"https:\/\/brillana.pt\/es\/wp-json\/wp\/v2\/media?parent=4615"}],"wp:term":[{"taxonomy":"product_brand","embeddable":true,"href":"https:\/\/brillana.pt\/es\/wp-json\/wp\/v2\/product_brand?post=4615"},{"taxonomy":"product_cat","embeddable":true,"href":"https:\/\/brillana.pt\/es\/wp-json\/wp\/v2\/product_cat?post=4615"},{"taxonomy":"product_tag","embeddable":true,"href":"https:\/\/brillana.pt\/es\/wp-json\/wp\/v2\/product_tag?post=4615"}],"curies":[{"name":"wp","href":"https:\/\/api.w.org\/{rel}","templated":true}]}}