{"id":4800,"date":"2026-02-09T16:21:14","date_gmt":"2026-02-09T16:21:14","guid":{"rendered":"https:\/\/brillana.pt\/produto\/conjunto-banado-en-oro-5\/"},"modified":"2026-02-09T16:21:14","modified_gmt":"2026-02-09T16:21:14","slug":"conjunto-banado-en-oro-5","status":"publish","type":"product","link":"https:\/\/brillana.pt\/es\/produto\/conjunto-banado-en-oro-5\/","title":{"rendered":"Conjunto ba\u00f1ado en oro"},"content":{"rendered":"<section class=\"produto-descricao produto-descricao-junta\">\n<div class=\"hidden-xs hidden-sm\">\n<div class=\"descricao-completa\">COLECCI\u00d3N L\u00daMEN<br \/>\nPendiente dos en uno.<br \/>\nAltura del pendiente: 3,8 cm.<br \/>\nCollar tipo choker.<\/div>\n<\/div>\n<\/section>\n","protected":false},"excerpt":{"rendered":"<p>COLECCI\u00d3N L\u00daMEN Pendiente dos en uno. Altura del pendiente: 3,8 cm. Collar tipo choker.<\/p>\n","protected":false},"featured_media":4794,"comment_status":"open","ping_status":"closed","template":"","meta":{"googlesitekit_rrm_CAowhMXADA:productID":""},"product_brand":[],"product_cat":[276,306,298],"product_tag":[],"class_list":{"0":"post-4800","1":"product","2":"type-product","3":"status-publish","4":"has-post-thumbnail","6":"product_cat-colecciones","7":"product_cat-conjuntos","8":"product_cat-lumen","10":"first","11":"instock","12":"featured","13":"taxable","14":"shipping-taxable","15":"purchasable","16":"product-type-variable"},"yoast_head":"<!-- This site is optimized with the Yoast SEO plugin v27.3 - https:\/\/yoast.com\/product\/yoast-seo-wordpress\/ -->\n<title>Conjunto ba\u00f1ado en oro - Brillana<\/title>\n<meta name=\"description\" content=\"Brillana cria joias elegantes e intemporais. Descubra pe\u00e7as \u00fanicas que combinam sofistica\u00e7\u00e3o, qualidade e estilo para todos os momentos.\" \/>\n<meta name=\"robots\" content=\"index, follow, max-snippet:-1, max-image-preview:large, max-video-preview:-1\" \/>\n<link rel=\"canonical\" href=\"https:\/\/brillana.pt\/es\/produto\/conjunto-banado-en-oro-5\/\" \/>\n<meta property=\"og:locale\" content=\"es_ES\" \/>\n<meta property=\"og:type\" content=\"article\" \/>\n<meta property=\"og:title\" content=\"Conjunto ba\u00f1ado en oro - Brillana\" \/>\n<meta property=\"og:description\" content=\"Brillana cria joias elegantes e intemporais. Descubra pe\u00e7as \u00fanicas que combinam sofistica\u00e7\u00e3o, qualidade e estilo para todos os momentos.\" \/>\n<meta property=\"og:url\" content=\"https:\/\/brillana.pt\/es\/produto\/conjunto-banado-en-oro-5\/\" \/>\n<meta property=\"og:site_name\" content=\"Brillana\" \/>\n<meta property=\"article:publisher\" content=\"https:\/\/www.facebook.com\/p\/Brillana-Jewelry-61579016018790\/\" \/>\n<meta property=\"og:image\" content=\"https:\/\/brillana.pt\/wp-content\/uploads\/2026\/02\/030271066_02.jpg\" \/>\n\t<meta property=\"og:image:width\" content=\"1200\" \/>\n\t<meta property=\"og:image:height\" content=\"1200\" \/>\n\t<meta property=\"og:image:type\" content=\"image\/jpeg\" \/>\n<meta name=\"twitter:card\" content=\"summary_large_image\" \/>\n<script type=\"application\/ld+json\" class=\"yoast-schema-graph\">{\"@context\":\"https:\\\/\\\/schema.org\",\"@graph\":[{\"@type\":\"WebPage\",\"@id\":\"https:\\\/\\\/brillana.pt\\\/es\\\/produto\\\/conjunto-banado-en-oro-5\\\/\",\"url\":\"https:\\\/\\\/brillana.pt\\\/es\\\/produto\\\/conjunto-banado-en-oro-5\\\/\",\"name\":\"Conjunto ba\u00f1ado en oro - Brillana\",\"isPartOf\":{\"@id\":\"https:\\\/\\\/brillana.pt\\\/es\\\/#website\"},\"primaryImageOfPage\":{\"@id\":\"https:\\\/\\\/brillana.pt\\\/es\\\/produto\\\/conjunto-banado-en-oro-5\\\/#primaryimage\"},\"image\":{\"@id\":\"https:\\\/\\\/brillana.pt\\\/es\\\/produto\\\/conjunto-banado-en-oro-5\\\/#primaryimage\"},\"thumbnailUrl\":\"https:\\\/\\\/brillana.pt\\\/wp-content\\\/uploads\\\/2026\\\/02\\\/030271066_02.jpg\",\"datePublished\":\"2026-02-09T16:21:14+00:00\",\"description\":\"Brillana cria joias elegantes e intemporais. Descubra pe\u00e7as \u00fanicas que combinam sofistica\u00e7\u00e3o, qualidade e estilo para todos os momentos.\",\"breadcrumb\":{\"@id\":\"https:\\\/\\\/brillana.pt\\\/es\\\/produto\\\/conjunto-banado-en-oro-5\\\/#breadcrumb\"},\"inLanguage\":\"es\",\"potentialAction\":[{\"@type\":\"ReadAction\",\"target\":[\"https:\\\/\\\/brillana.pt\\\/es\\\/produto\\\/conjunto-banado-en-oro-5\\\/\"]}]},{\"@type\":\"ImageObject\",\"inLanguage\":\"es\",\"@id\":\"https:\\\/\\\/brillana.pt\\\/es\\\/produto\\\/conjunto-banado-en-oro-5\\\/#primaryimage\",\"url\":\"https:\\\/\\\/brillana.pt\\\/wp-content\\\/uploads\\\/2026\\\/02\\\/030271066_02.jpg\",\"contentUrl\":\"https:\\\/\\\/brillana.pt\\\/wp-content\\\/uploads\\\/2026\\\/02\\\/030271066_02.jpg\",\"width\":1200,\"height\":1200},{\"@type\":\"BreadcrumbList\",\"@id\":\"https:\\\/\\\/brillana.pt\\\/es\\\/produto\\\/conjunto-banado-en-oro-5\\\/#breadcrumb\",\"itemListElement\":[{\"@type\":\"ListItem\",\"position\":1,\"name\":\"In\u00edcio\",\"item\":\"https:\\\/\\\/brillana.pt\\\/es\\\/\"},{\"@type\":\"ListItem\",\"position\":2,\"name\":\"Tienda\",\"item\":\"https:\\\/\\\/brillana.pt\\\/es\\\/tienda\\\/\"},{\"@type\":\"ListItem\",\"position\":3,\"name\":\"Conjunto ba\u00f1ado en oro\"}]},{\"@type\":\"WebSite\",\"@id\":\"https:\\\/\\\/brillana.pt\\\/es\\\/#website\",\"url\":\"https:\\\/\\\/brillana.pt\\\/es\\\/\",\"name\":\"Brillana Jewelry\",\"description\":\"Jewelry\",\"publisher\":{\"@id\":\"https:\\\/\\\/brillana.pt\\\/es\\\/#organization\"},\"alternateName\":\"Brillana Jewelry\",\"potentialAction\":[{\"@type\":\"SearchAction\",\"target\":{\"@type\":\"EntryPoint\",\"urlTemplate\":\"https:\\\/\\\/brillana.pt\\\/es\\\/?s={search_term_string}\"},\"query-input\":{\"@type\":\"PropertyValueSpecification\",\"valueRequired\":true,\"valueName\":\"search_term_string\"}}],\"inLanguage\":\"es\"},{\"@type\":\"Organization\",\"@id\":\"https:\\\/\\\/brillana.pt\\\/es\\\/#organization\",\"name\":\"Brillana Jewelry\",\"alternateName\":\"Brillana Jewelry\",\"url\":\"https:\\\/\\\/brillana.pt\\\/es\\\/\",\"logo\":{\"@type\":\"ImageObject\",\"inLanguage\":\"es\",\"@id\":\"https:\\\/\\\/brillana.pt\\\/es\\\/#\\\/schema\\\/logo\\\/image\\\/\",\"url\":\"https:\\\/\\\/brillana.pt\\\/wp-content\\\/uploads\\\/2026\\\/02\\\/logo_brillana_favicon.png\",\"contentUrl\":\"https:\\\/\\\/brillana.pt\\\/wp-content\\\/uploads\\\/2026\\\/02\\\/logo_brillana_favicon.png\",\"width\":512,\"height\":512,\"caption\":\"Brillana Jewelry\"},\"image\":{\"@id\":\"https:\\\/\\\/brillana.pt\\\/es\\\/#\\\/schema\\\/logo\\\/image\\\/\"},\"sameAs\":[\"https:\\\/\\\/www.facebook.com\\\/p\\\/Brillana-Jewelry-61579016018790\\\/\",\"https:\\\/\\\/www.instagram.com\\\/brillanajewelry?utm_source=qr&igsh=Y2psdmw0eDB2b3o1\",\"https:\\\/\\\/www.tiktok.com\\\/@brillanajewelry?_t=ZG-8yosEjgm48W&_r=1\"]}]}<\/script>\n<!-- \/ Yoast SEO plugin. -->","yoast_head_json":{"title":"Conjunto ba\u00f1ado en oro - Brillana","description":"Brillana cria joias elegantes e intemporais. Descubra pe\u00e7as \u00fanicas que combinam sofistica\u00e7\u00e3o, qualidade e estilo para todos os momentos.","robots":{"index":"index","follow":"follow","max-snippet":"max-snippet:-1","max-image-preview":"max-image-preview:large","max-video-preview":"max-video-preview:-1"},"canonical":"https:\/\/brillana.pt\/es\/produto\/conjunto-banado-en-oro-5\/","og_locale":"es_ES","og_type":"article","og_title":"Conjunto ba\u00f1ado en oro - Brillana","og_description":"Brillana cria joias elegantes e intemporais. Descubra pe\u00e7as \u00fanicas que combinam sofistica\u00e7\u00e3o, qualidade e estilo para todos os momentos.","og_url":"https:\/\/brillana.pt\/es\/produto\/conjunto-banado-en-oro-5\/","og_site_name":"Brillana","article_publisher":"https:\/\/www.facebook.com\/p\/Brillana-Jewelry-61579016018790\/","og_image":[{"width":1200,"height":1200,"url":"https:\/\/brillana.pt\/wp-content\/uploads\/2026\/02\/030271066_02.jpg","type":"image\/jpeg"}],"twitter_card":"summary_large_image","schema":{"@context":"https:\/\/schema.org","@graph":[{"@type":"WebPage","@id":"https:\/\/brillana.pt\/es\/produto\/conjunto-banado-en-oro-5\/","url":"https:\/\/brillana.pt\/es\/produto\/conjunto-banado-en-oro-5\/","name":"Conjunto ba\u00f1ado en oro - Brillana","isPartOf":{"@id":"https:\/\/brillana.pt\/es\/#website"},"primaryImageOfPage":{"@id":"https:\/\/brillana.pt\/es\/produto\/conjunto-banado-en-oro-5\/#primaryimage"},"image":{"@id":"https:\/\/brillana.pt\/es\/produto\/conjunto-banado-en-oro-5\/#primaryimage"},"thumbnailUrl":"https:\/\/brillana.pt\/wp-content\/uploads\/2026\/02\/030271066_02.jpg","datePublished":"2026-02-09T16:21:14+00:00","description":"Brillana cria joias elegantes e intemporais. Descubra pe\u00e7as \u00fanicas que combinam sofistica\u00e7\u00e3o, qualidade e estilo para todos os momentos.","breadcrumb":{"@id":"https:\/\/brillana.pt\/es\/produto\/conjunto-banado-en-oro-5\/#breadcrumb"},"inLanguage":"es","potentialAction":[{"@type":"ReadAction","target":["https:\/\/brillana.pt\/es\/produto\/conjunto-banado-en-oro-5\/"]}]},{"@type":"ImageObject","inLanguage":"es","@id":"https:\/\/brillana.pt\/es\/produto\/conjunto-banado-en-oro-5\/#primaryimage","url":"https:\/\/brillana.pt\/wp-content\/uploads\/2026\/02\/030271066_02.jpg","contentUrl":"https:\/\/brillana.pt\/wp-content\/uploads\/2026\/02\/030271066_02.jpg","width":1200,"height":1200},{"@type":"BreadcrumbList","@id":"https:\/\/brillana.pt\/es\/produto\/conjunto-banado-en-oro-5\/#breadcrumb","itemListElement":[{"@type":"ListItem","position":1,"name":"In\u00edcio","item":"https:\/\/brillana.pt\/es\/"},{"@type":"ListItem","position":2,"name":"Tienda","item":"https:\/\/brillana.pt\/es\/tienda\/"},{"@type":"ListItem","position":3,"name":"Conjunto ba\u00f1ado en oro"}]},{"@type":"WebSite","@id":"https:\/\/brillana.pt\/es\/#website","url":"https:\/\/brillana.pt\/es\/","name":"Brillana Jewelry","description":"Jewelry","publisher":{"@id":"https:\/\/brillana.pt\/es\/#organization"},"alternateName":"Brillana Jewelry","potentialAction":[{"@type":"SearchAction","target":{"@type":"EntryPoint","urlTemplate":"https:\/\/brillana.pt\/es\/?s={search_term_string}"},"query-input":{"@type":"PropertyValueSpecification","valueRequired":true,"valueName":"search_term_string"}}],"inLanguage":"es"},{"@type":"Organization","@id":"https:\/\/brillana.pt\/es\/#organization","name":"Brillana Jewelry","alternateName":"Brillana Jewelry","url":"https:\/\/brillana.pt\/es\/","logo":{"@type":"ImageObject","inLanguage":"es","@id":"https:\/\/brillana.pt\/es\/#\/schema\/logo\/image\/","url":"https:\/\/brillana.pt\/wp-content\/uploads\/2026\/02\/logo_brillana_favicon.png","contentUrl":"https:\/\/brillana.pt\/wp-content\/uploads\/2026\/02\/logo_brillana_favicon.png","width":512,"height":512,"caption":"Brillana Jewelry"},"image":{"@id":"https:\/\/brillana.pt\/es\/#\/schema\/logo\/image\/"},"sameAs":["https:\/\/www.facebook.com\/p\/Brillana-Jewelry-61579016018790\/","https:\/\/www.instagram.com\/brillanajewelry?utm_source=qr&igsh=Y2psdmw0eDB2b3o1","https:\/\/www.tiktok.com\/@brillanajewelry?_t=ZG-8yosEjgm48W&_r=1"]}]}},"_links":{"self":[{"href":"https:\/\/brillana.pt\/es\/wp-json\/wp\/v2\/product\/4800","targetHints":{"allow":["GET"]}}],"collection":[{"href":"https:\/\/brillana.pt\/es\/wp-json\/wp\/v2\/product"}],"about":[{"href":"https:\/\/brillana.pt\/es\/wp-json\/wp\/v2\/types\/product"}],"replies":[{"embeddable":true,"href":"https:\/\/brillana.pt\/es\/wp-json\/wp\/v2\/comments?post=4800"}],"wp:featuredmedia":[{"embeddable":true,"href":"https:\/\/brillana.pt\/es\/wp-json\/wp\/v2\/media\/4794"}],"wp:attachment":[{"href":"https:\/\/brillana.pt\/es\/wp-json\/wp\/v2\/media?parent=4800"}],"wp:term":[{"taxonomy":"product_brand","embeddable":true,"href":"https:\/\/brillana.pt\/es\/wp-json\/wp\/v2\/product_brand?post=4800"},{"taxonomy":"product_cat","embeddable":true,"href":"https:\/\/brillana.pt\/es\/wp-json\/wp\/v2\/product_cat?post=4800"},{"taxonomy":"product_tag","embeddable":true,"href":"https:\/\/brillana.pt\/es\/wp-json\/wp\/v2\/product_tag?post=4800"}],"curies":[{"name":"wp","href":"https:\/\/api.w.org\/{rel}","templated":true}]}}